{"id":163,"date":"2017-05-02T17:20:13","date_gmt":"2017-05-02T15:20:13","guid":{"rendered":"http:\/\/www.ci-artaffairs.ch\/?page_id=163"},"modified":"2021-04-04T19:07:14","modified_gmt":"2021-04-04T17:07:14","slug":"links","status":"publish","type":"page","link":"https:\/\/www.ci-artaffairs.ch\/en\/art-east-asia\/links\/","title":{"rendered":"Links"},"content":{"rendered":"<h3 class=\"title\"><strong>Museums in Japan<\/strong><\/h3>\n<p><a href=\"http:\/\/www.tnm.jp\/?lang=en\" target=\"_blank\" rel=\"noopener noreferrer\">T\u014dky\u014d National Museum<\/a><\/p>\n<p><a href=\"http:\/\/www.kyohaku.go.jp\/eng\/index.html\" target=\"_blank\" rel=\"noopener noreferrer\">Ky\u014dto National Museum<\/a><\/p>\n<p><a href=\"http:\/\/www.narahaku.go.jp\/english\/index_e.html\" target=\"_blank\" rel=\"noopener noreferrer\">Nara National Museum<\/a><\/p>\n<p><a href=\"http:\/\/www.idemitsu.co.jp\/museum\/english\/index.html\" target=\"_blank\" rel=\"noopener noreferrer\">Idemitsu Museum of Arts<\/a><\/p>\n<p><a href=\"http:\/\/www.nezu-muse.or.jp\/en\/index.html\" target=\"_blank\" rel=\"noopener noreferrer\">Nezu Institute of Fine Arts<\/a><\/p>\n<p><a href=\"http:\/\/www.miho.or.jp\/english\/index.htm\" target=\"_blank\" rel=\"noopener noreferrer\">Miho Museum<\/a><\/p>\n<p><a href=\"http:\/\/www.sagawa-artmuseum.or.jp\/en\/\" target=\"_blank\" rel=\"noopener noreferrer\">Sagawa Museum<\/a><\/p>\n<p><a href=\"http:\/\/raku-yaki.or.jp\/e\/index.html\" target=\"_blank\" rel=\"noopener noreferrer\">Raku Museum<\/a><\/p>\n<p><a href=\"http:\/\/www.moco.or.jp\/en\/index.html\" target=\"_blank\" rel=\"noopener noreferrer\">Museum of Oriental Ceramics \u014csaka<\/a><\/p>\n<p><a href=\"http:\/\/www.artm.pref.hyogo.jp\/eng\/home.html\" target=\"_blank\" rel=\"noopener noreferrer\">Hy\u014dgo Prefectural Museum of Art<\/a><\/p>\n<p>&nbsp;<\/p>\n<h3 class=\"title\"><strong>Museums in China<\/strong><\/h3>\n<p><a href=\"http:\/\/en.chnmuseum.cn\/default.aspx?AspxAutoDetectCookieSupport=1\" target=\"_blank\" rel=\"noopener noreferrer\">National Museum of China Beijing<\/a><\/p>\n<p>&nbsp;<\/p>\n<h3 class=\"title\"><strong>Museums in Taiwan<\/strong><\/h3>\n<p><a href=\"http:\/\/www.npm.gov.tw\/en\/\" target=\"_blank\" rel=\"noopener noreferrer\">National Palace Museum Taipei<\/a><\/p>\n<p>&nbsp;<\/p>\n<h3 class=\"title\"><strong>Museums in South Korea<\/strong><\/h3>\n<p><a href=\"http:\/\/www.museum.go.kr\/site\/main\/index002\" target=\"_blank\" rel=\"noopener noreferrer\">National Museum of Korea Seoul<\/a><\/p>\n<p>&nbsp;<\/p>\n<h3 class=\"title\"><strong>Museums in Switzerland<\/strong><\/h3>\n<p><a href=\"http:\/\/www.rietberg.ch\/en-gb.aspx\" target=\"_blank\" rel=\"noopener noreferrer\">Museum Rietberg Z\u00fcrich<\/a><\/p>\n<p><a href=\"http:\/\/collections-baur.ch\/\" target=\"_blank\" rel=\"noopener noreferrer\">Collections Baur Genf<\/a><\/p>\n<p>&nbsp;<\/p>\n<h3 class=\"title\"><strong>Museums in Germany<\/strong><\/h3>\n<p><a href=\"http:\/\/www.smb.museum\/smb\/sammlungen\/details.php?lang=de&amp;objectId=12904&amp;n=1&amp;r=15\" target=\"_blank\" rel=\"noopener noreferrer\">Staatliche Museen zu Berlin<\/a><\/p>\n<p><a href=\"http:\/\/www.museenkoeln.de\/homepage\/default.asp?s=170\" target=\"_blank\" rel=\"noopener noreferrer\">Museum f\u00fcr Ostasiatische Kunst K\u00f6ln<\/a><\/p>\n<p><a href=\"http:\/\/www.museum-fuer-lackkunst.de\/\" target=\"_blank\" rel=\"noopener noreferrer\">Museum f\u00fcr Lackkunst M\u00fcnster<\/a><\/p>\n<p>&nbsp;<\/p>\n<h3 class=\"title\"><strong>Museums in France<\/strong><\/h3>\n<p><a href=\"http:\/\/www.guimet.fr\/\" target=\"_blank\" rel=\"noopener noreferrer\">Mus\u00e9e Guimet Paris<\/a><\/p>\n<p><a href=\"http:\/\/www.cernuschi.paris.fr\/\" target=\"_blank\" rel=\"noopener noreferrer\">Mus\u00e9e Cernuschi Paris<\/a><\/p>\n<p>&nbsp;<\/p>\n<h3 class=\"title\"><strong>Museums in England<\/strong><\/h3>\n<p><a href=\"http:\/\/www.britishmuseum.org\/the_museum\/departments\/asia.aspx\" target=\"_blank\" rel=\"noopener noreferrer\">British Museum London<\/a><\/p>\n<p><a href=\"http:\/\/www.vam.ac.uk\/collections\/asia\/index.html\" target=\"_blank\" rel=\"noopener noreferrer\">Victoria &amp; Albert Museum London<\/a><\/p>\n<p>&nbsp;<\/p>\n<h3 class=\"title\"><strong>Museums in the USA<\/strong><\/h3>\n<p><a href=\"http:\/\/www.metmuseum.org\/en\" target=\"_blank\" rel=\"noopener noreferrer\">Metropolitan Museum of Art New York<\/a><\/p>\n<p><a href=\"http:\/\/www.museum.cornell.edu\/\" target=\"_blank\" rel=\"noopener noreferrer\">Herbert F. Johnson Museum of Art Cornell University<\/a><\/p>\n<p><a href=\"http:\/\/www.mfah.org\/?gclid=CN7Rw-XVjMgCFWkOwwodrHMDnA\" target=\"_blank\" rel=\"noopener noreferrer\">Museum of Fine Arts Boston<\/a><\/p>\n<p><a href=\"http:\/\/www.asia.si.edu\/\" target=\"_blank\" rel=\"noopener noreferrer\">Freer Gallery of Art &amp; Arthur M. Sackler Gallery Washington D.C.<\/a><\/p>\n<p><a href=\"http:\/\/www.asianart.org\/\" target=\"_blank\" rel=\"noopener noreferrer\">Asian Art Museum San Francisco<\/a><\/p>\n<p><a href=\"http:\/\/honolulumuseum.org\/\" target=\"_blank\" rel=\"noopener noreferrer\">Honolulu Museum of Art<\/a><\/p>\n","protected":false},"excerpt":{"rendered":"<p>Museums in Japan T\u014dky\u014d National Museum Ky\u014dto National Museum Nara National Museum Idemitsu Museum of Arts Nezu Institute of Fine Arts Miho Museum Sagawa Museum Raku Museum Museum of Oriental Ceramics \u014csaka Hy\u014dgo Prefectural Museum of Art &nbsp; Museums in China National Museum of China Beijing &nbsp; Museums in Taiwan [&hellip;]<\/p>\n","protected":false},"author":6,"featured_media":0,"parent":147,"menu_order":0,"comment_status":"closed","ping_status":"closed","template":"","meta":{"inspiro_page_layout":"narrow","inspiro_hide_title":false,"footnotes":""},"class_list":["post-163","page","type-page","status-publish","hentry"],"_links":{"self":[{"href":"https:\/\/www.ci-artaffairs.ch\/en\/wp-json\/wp\/v2\/pages\/163","targetHints":{"allow":["GET"]}}],"collection":[{"href":"https:\/\/www.ci-artaffairs.ch\/en\/wp-json\/wp\/v2\/pages"}],"about":[{"href":"https:\/\/www.ci-artaffairs.ch\/en\/wp-json\/wp\/v2\/types\/page"}],"author":[{"embeddable":true,"href":"https:\/\/www.ci-artaffairs.ch\/en\/wp-json\/wp\/v2\/users\/6"}],"replies":[{"embeddable":true,"href":"https:\/\/www.ci-artaffairs.ch\/en\/wp-json\/wp\/v2\/comments?post=163"}],"version-history":[{"count":3,"href":"https:\/\/www.ci-artaffairs.ch\/en\/wp-json\/wp\/v2\/pages\/163\/revisions"}],"predecessor-version":[{"id":3602,"href":"https:\/\/www.ci-artaffairs.ch\/en\/wp-json\/wp\/v2\/pages\/163\/revisions\/3602"}],"up":[{"embeddable":true,"href":"https:\/\/www.ci-artaffairs.ch\/en\/wp-json\/wp\/v2\/pages\/147"}],"wp:attachment":[{"href":"https:\/\/www.ci-artaffairs.ch\/en\/wp-json\/wp\/v2\/media?parent=163"}],"curies":[{"name":"wp","href":"https:\/\/api.w.org\/{rel}","templated":true}]}}