{"id":510,"date":"2017-05-10T13:28:18","date_gmt":"2017-05-10T11:28:18","guid":{"rendered":"http:\/\/www.ci-artaffairs.ch\/?page_id=510"},"modified":"2025-08-06T08:11:10","modified_gmt":"2025-08-06T06:11:10","slug":"sake-education","status":"publish","type":"page","link":"https:\/\/www.ci-artaffairs.ch\/en\/sake-experience\/sake-education\/","title":{"rendered":"Sake Education"},"content":{"rendered":"\n<figure class=\"wp-block-image aligncenter size-full is-resized\"><img loading=\"lazy\" decoding=\"async\" width=\"1013\" height=\"775\" src=\"https:\/\/www.ci-artaffairs.ch\/wp-content\/uploads\/2021\/04\/CI-Art-Affairs-Sake-sensei.jpg\" alt=\"CI Art Affairs Sake sensei Charly Iten\" class=\"wp-image-7220\" style=\"width:710px\" srcset=\"https:\/\/www.ci-artaffairs.ch\/wp-content\/uploads\/2021\/04\/CI-Art-Affairs-Sake-sensei.jpg 1013w, https:\/\/www.ci-artaffairs.ch\/wp-content\/uploads\/2021\/04\/CI-Art-Affairs-Sake-sensei-600x459.jpg 600w, https:\/\/www.ci-artaffairs.ch\/wp-content\/uploads\/2021\/04\/CI-Art-Affairs-Sake-sensei-300x230.jpg 300w, https:\/\/www.ci-artaffairs.ch\/wp-content\/uploads\/2021\/04\/CI-Art-Affairs-Sake-sensei-768x588.jpg 768w, https:\/\/www.ci-artaffairs.ch\/wp-content\/uploads\/2021\/04\/CI-Art-Affairs-Sake-sensei-72x55.jpg 72w, https:\/\/www.ci-artaffairs.ch\/wp-content\/uploads\/2021\/04\/CI-Art-Affairs-Sake-sensei-1000x765.jpg 1000w, https:\/\/www.ci-artaffairs.ch\/wp-content\/uploads\/2021\/04\/CI-Art-Affairs-Sake-sensei-732x560.jpg 732w\" sizes=\"auto, (max-width: 1013px) 100vw, 1013px\" \/><\/figure>\n\n\n<h3><strong>Welcome to the Sake <em>d\u014dj\u014d<\/em> of SAKE ACADEMY SWITZERLAND\u00ae!<\/strong><\/h3>\n<p>As an Aikid\u014dka I exactly know how it is to improve your abilities at a d\u014dj\u014d.<\/p>\n<blockquote>\n<p><strong>Karate Kid had Miyagi <em>sensei<\/em>.<\/strong><br \/><strong>You have the Sake <em>sensei<\/em>.<\/strong><\/p>\n<\/blockquote>\n<p>If you want to plunge into Sake much deeper I&#8217;m happy to be your <strong><em>sensei<\/em><\/strong>. I&#8217;m able to offer for restaurants and hotels as well as for private persons different possibilities of education.<\/p>\n<p>Attend my lectures including tastings or let me create custom-tailored lessons for you at your place or as a remote conference.<\/p>\n<p><img loading=\"lazy\" decoding=\"async\" class=\"alignright wp-image-4658\" src=\"https:\/\/www.ci-artaffairs.ch\/wp-content\/uploads\/2018\/02\/CI-Certifified-Sake-Sommelier-Course-Austria.jpg\" alt=\"\" width=\"390\" height=\"520\" srcset=\"https:\/\/www.ci-artaffairs.ch\/wp-content\/uploads\/2018\/02\/CI-Certifified-Sake-Sommelier-Course-Austria.jpg 720w, https:\/\/www.ci-artaffairs.ch\/wp-content\/uploads\/2018\/02\/CI-Certifified-Sake-Sommelier-Course-Austria-600x800.jpg 600w, https:\/\/www.ci-artaffairs.ch\/wp-content\/uploads\/2018\/02\/CI-Certifified-Sake-Sommelier-Course-Austria-225x300.jpg 225w, https:\/\/www.ci-artaffairs.ch\/wp-content\/uploads\/2018\/02\/CI-Certifified-Sake-Sommelier-Course-Austria-41x55.jpg 41w, https:\/\/www.ci-artaffairs.ch\/wp-content\/uploads\/2018\/02\/CI-Certifified-Sake-Sommelier-Course-Austria-420x560.jpg 420w\" sizes=\"auto, (max-width: 390px) 100vw, 390px\" \/>Besides of that I also provide as an <strong>Approved Educator<\/strong> of the <strong>Sake Sommelier Association<\/strong> (SSA) the exclusive possibility here in Switzerland\u00a0to conduct the official Sake courses of the <strong>Introductory Sake Professional<\/strong> level.<br \/>Please find detailed information including course dates on <strong><br \/><a href=\"https:\/\/www.ci-artaffairs.ch\/en\/sake-experience\/ssa-courses\/\">SSA Courses<\/a><\/strong>.<\/p>\n<a href=\"&#109;&#x61;i&#108;&#x74;&#111;&#x3a;c&#105;&#x40;c&#x69;&#x2d;&#97;&#x72;t&#97;&#x66;f&#x61;&#x69;&#114;&#x73;&#46;&#99;&#x68;?subject=Sake-Schulung\"class=\"wpz-sc-button\" style=\"\"><span class=\"wpz-\">I&#8217;m interested in Sake Education<\/span><\/a>\n\n\n<div style=\"height:40px\" aria-hidden=\"true\" class=\"wp-block-spacer\"><\/div>\n\n\n\n<div class=\"wp-block-columns is-layout-flex wp-container-core-columns-is-layout-28f84493 wp-block-columns-is-layout-flex\">\n<div class=\"wp-block-column is-layout-flow wp-block-column-is-layout-flow\">\n<a href=\"https:\/\/www.ci-artaffairs.ch\/en\/contact\"class=\"wpz-sc-button\" style=\"\"><span class=\"wpz-\">Call Us<\/span><\/a>\n<\/div>\n\n\n\n<div class=\"wp-block-column is-layout-flow wp-block-column-is-layout-flow\">\n<a href=\"https:\/\/www.ci-artaffairs.ch\/sake-experience\/ssa-courses\"class=\"wpz-sc-button\" style=\"\"><span class=\"wpz-\">Read More<\/span><\/a>\n<\/div>\n\n\n\n<div class=\"wp-block-column is-layout-flow wp-block-column-is-layout-flow\"><\/div>\n<\/div>\n","protected":false},"excerpt":{"rendered":"<p>Welcome to the Sake d\u014dj\u014d of SAKE ACADEMY SWITZERLAND\u00ae! As an Aikid\u014dka I exactly know how it is to improve your abilities at a d\u014dj\u014d. Karate Kid had Miyagi sensei.You have the Sake sensei. If you want to plunge into Sake much deeper I&#8217;m happy to be your sensei. I&#8217;m [&hellip;]<\/p>\n","protected":false},"author":6,"featured_media":7272,"parent":179,"menu_order":0,"comment_status":"closed","ping_status":"closed","template":"","meta":{"inspiro_page_layout":"narrow","inspiro_hide_title":false,"footnotes":""},"class_list":["post-510","page","type-page","status-publish","has-post-thumbnail","hentry"],"_links":{"self":[{"href":"https:\/\/www.ci-artaffairs.ch\/en\/wp-json\/wp\/v2\/pages\/510","targetHints":{"allow":["GET"]}}],"collection":[{"href":"https:\/\/www.ci-artaffairs.ch\/en\/wp-json\/wp\/v2\/pages"}],"about":[{"href":"https:\/\/www.ci-artaffairs.ch\/en\/wp-json\/wp\/v2\/types\/page"}],"author":[{"embeddable":true,"href":"https:\/\/www.ci-artaffairs.ch\/en\/wp-json\/wp\/v2\/users\/6"}],"replies":[{"embeddable":true,"href":"https:\/\/www.ci-artaffairs.ch\/en\/wp-json\/wp\/v2\/comments?post=510"}],"version-history":[{"count":34,"href":"https:\/\/www.ci-artaffairs.ch\/en\/wp-json\/wp\/v2\/pages\/510\/revisions"}],"predecessor-version":[{"id":9589,"href":"https:\/\/www.ci-artaffairs.ch\/en\/wp-json\/wp\/v2\/pages\/510\/revisions\/9589"}],"up":[{"embeddable":true,"href":"https:\/\/www.ci-artaffairs.ch\/en\/wp-json\/wp\/v2\/pages\/179"}],"wp:featuredmedia":[{"embeddable":true,"href":"https:\/\/www.ci-artaffairs.ch\/en\/wp-json\/wp\/v2\/media\/7272"}],"wp:attachment":[{"href":"https:\/\/www.ci-artaffairs.ch\/en\/wp-json\/wp\/v2\/media?parent=510"}],"curies":[{"name":"wp","href":"https:\/\/api.w.org\/{rel}","templated":true}]}}