{"id":8551,"date":"2023-02-08T09:39:24","date_gmt":"2023-02-08T08:39:24","guid":{"rendered":"https:\/\/www.ci-artaffairs.ch\/product\/ikekame-daiginjo-yuzu\/"},"modified":"2026-03-10T09:19:19","modified_gmt":"2026-03-10T08:19:19","slug":"ikekame-daiginjo-yuzu","status":"publish","type":"product","link":"https:\/\/www.ci-artaffairs.ch\/en\/product\/ikekame-daiginjo-yuzu\/","title":{"rendered":"Ikekame Daiginj\u014d Yuzu"},"content":{"rendered":"<p><strong>Details<\/strong><br \/>\nDelicate liqueur based on Daiginj\u014d made with natural Yuzu juice from Ky\u016bsh\u016b. It has a refreshing aroma, a hint of sweetness and the characteristic sour and bitter taste of Yuzu. Chilled and straight as an aperitif. On the rocks also nice with food.<\/p>\n<div class=\"page\" title=\"Page 95\">\n<div class=\"section\">\n<div class=\"layoutArea\">\n<div class=\"column\">\n<p>Size: 375ml<br \/>\nArticle No.: SJ05-03<br \/>\nIngredients: Sake, Yuzu, sugar<br \/>\nStyle: light sweetnes, fruity<br \/>\nAlcohol: 7% Vol.<br \/>\nDelivery Time: 2-3 days<\/p>\n<\/div>\n<\/div>\n<\/div>\n<\/div>\n","protected":false},"excerpt":{"rendered":"<p>Details Delicate liqueur based on Daiginj\u014d made with natural Yuzu juice from Ky\u016bsh\u016b. It has a refreshing aroma, a hint of sweetness and the characteristic sour and bitter taste of Yuzu. Chilled and straight as an aperitif. On the rocks also nice with food. Size: 375ml Article No.: SJ05-03 Ingredients: [&hellip;]<\/p>\n","protected":false},"featured_media":8438,"template":"","meta":[],"product_brand":[],"product_cat":[189,253,249,244,243],"product_tag":[],"class_list":{"0":"post-8551","1":"product","2":"type-product","3":"status-publish","4":"has-post-thumbnail","6":"product_cat-liqueurs","7":"product_cat-sake-for-aperitifs","8":"product_cat-sake-types","9":"product_cat-sakes-for-light-dishes","10":"product_cat-sakes-for-medium-bodied-dishes","12":"first","13":"instock","14":"taxable","15":"shipping-taxable","16":"purchasable","17":"product-type-simple"},"_links":{"self":[{"href":"https:\/\/www.ci-artaffairs.ch\/en\/wp-json\/wp\/v2\/product\/8551","targetHints":{"allow":["GET"]}}],"collection":[{"href":"https:\/\/www.ci-artaffairs.ch\/en\/wp-json\/wp\/v2\/product"}],"about":[{"href":"https:\/\/www.ci-artaffairs.ch\/en\/wp-json\/wp\/v2\/types\/product"}],"wp:featuredmedia":[{"embeddable":true,"href":"https:\/\/www.ci-artaffairs.ch\/en\/wp-json\/wp\/v2\/media\/8438"}],"wp:attachment":[{"href":"https:\/\/www.ci-artaffairs.ch\/en\/wp-json\/wp\/v2\/media?parent=8551"}],"wp:term":[{"taxonomy":"product_brand","embeddable":true,"href":"https:\/\/www.ci-artaffairs.ch\/en\/wp-json\/wp\/v2\/product_brand?post=8551"},{"taxonomy":"product_cat","embeddable":true,"href":"https:\/\/www.ci-artaffairs.ch\/en\/wp-json\/wp\/v2\/product_cat?post=8551"},{"taxonomy":"product_tag","embeddable":true,"href":"https:\/\/www.ci-artaffairs.ch\/en\/wp-json\/wp\/v2\/product_tag?post=8551"}],"curies":[{"name":"wp","href":"https:\/\/api.w.org\/{rel}","templated":true}]}}